{"id":11,"date":"2021-02-10T02:33:27","date_gmt":"2021-02-10T02:33:27","guid":{"rendered":"http:\/\/sw-themes.com\/porto_dummy\/?page_id=11"},"modified":"2023-11-02T19:04:26","modified_gmt":"2023-11-02T16:04:26","slug":"about-us","status":"publish","type":"page","link":"https:\/\/brikstones.com\/tr\/about-us\/","title":{"rendered":"Hakk\u0131m\u0131zda"},"content":{"rendered":"<div data-elementor-type=\"wp-page\" data-elementor-id=\"11\" class=\"elementor elementor-11\">\n\t\t\t\t<div class=\"elementor-element elementor-element-ac7bb0a e-flex e-con-boxed e-con e-parent\" data-id=\"ac7bb0a\" data-element_type=\"container\">\n\t\t\t\t\t<div class=\"e-con-inner\">\n\t\t<div class=\"elementor-element elementor-element-fc00979 e-con-full e-flex e-con e-child\" data-id=\"fc00979\" data-element_type=\"container\">\n\t\t\t\t<div class=\"elementor-element elementor-element-6119585 elementor-widget elementor-widget-image\" data-id=\"6119585\" data-element_type=\"widget\" data-widget_type=\"image.default\">\n\t\t\t\t<div class=\"elementor-widget-container\">\n\t\t\t\t\t\t\t\t\t\t\t\t\t\t<a href=\"https:\/\/brikstones.com\/wp-content\/uploads\/2023\/11\/Marka-Number-JPEG-min-scaled.jpg\" data-elementor-open-lightbox=\"yes\" data-elementor-lightbox-title=\"Marka Number JPEG-min\" data-e-action-hash=\"#elementor-action%3Aaction%3Dlightbox%26settings%3DeyJpZCI6NTYwNiwidXJsIjoiaHR0cHM6XC9cL2JyaWtzdG9uZXMuY29tXC93cC1jb250ZW50XC91cGxvYWRzXC8yMDIzXC8xMVwvTWFya2EtTnVtYmVyLUpQRUctbWluLXNjYWxlZC5qcGcifQ%3D%3D\">\n\t\t\t\t\t\t\t<img fetchpriority=\"high\" decoding=\"async\" width=\"724\" height=\"1024\" src=\"https:\/\/brikstones.com\/wp-content\/uploads\/2023\/11\/Marka-Number-JPEG-min-724x1024.jpg\" class=\"attachment-large size-large wp-image-5606\" alt=\"\" srcset=\"https:\/\/brikstones.com\/wp-content\/uploads\/2023\/11\/Marka-Number-JPEG-min-724x1024.jpg 724w, https:\/\/brikstones.com\/wp-content\/uploads\/2023\/11\/Marka-Number-JPEG-min-640x905.jpg 640w, https:\/\/brikstones.com\/wp-content\/uploads\/2023\/11\/Marka-Number-JPEG-min-400x566.jpg 400w, https:\/\/brikstones.com\/wp-content\/uploads\/2023\/11\/Marka-Number-JPEG-min-367x519.jpg 367w\" sizes=\"(max-width: 724px) 100vw, 724px\" \/>\t\t\t\t\t\t\t\t<\/a>\n\t\t\t\t\t\t\t\t\t\t\t\t\t<\/div>\n\t\t\t\t<\/div>\n\t\t\t\t<\/div>\n\t\t<div class=\"elementor-element elementor-element-1e88c69 e-con-full e-flex e-con e-child\" data-id=\"1e88c69\" data-element_type=\"container\">\n\t\t\t\t<div class=\"elementor-element elementor-element-42faa49 elementor-widget elementor-widget-heading\" data-id=\"42faa49\" data-element_type=\"widget\" data-widget_type=\"heading.default\">\n\t\t\t\t<div class=\"elementor-widget-container\">\n\t\t\t<h2 class=\"elementor-heading-title elementor-size-default\">BR\u0130KSTONLAR HAKKINDA<\/h2>\t\t<\/div>\n\t\t\t\t<\/div>\n\t\t\t\t<div class=\"elementor-element elementor-element-9b07d1e elementor-widget elementor-widget-heading\" data-id=\"9b07d1e\" data-element_type=\"widget\" data-widget_type=\"heading.default\">\n\t\t\t\t<div class=\"elementor-widget-container\">\n\t\t\t<p class=\"elementor-heading-title elementor-size-default\">Brikstones'ta yapay ta\u015flar\u0131 kesmek ve yap\u0131land\u0131rmak i\u00e7in geleneksel y\u00f6ntemi izliyoruz, ancak modern mekanizmay\u0131 kullan\u0131yoruz. Zaman\u0131n geli\u015fmesiyle birlikte fabrikam\u0131zda antik ger\u00e7ek\u00e7i modern ta\u015flar\u0131n taklitlerini yapmaktay\u0131z.<\/p>\t\t<\/div>\n\t\t\t\t<\/div>\n\t\t\t\t<div class=\"elementor-element elementor-element-8cf3b9a elementor-widget elementor-widget-heading\" data-id=\"8cf3b9a\" data-element_type=\"widget\" data-widget_type=\"heading.default\">\n\t\t\t\t<div class=\"elementor-widget-container\">\n\t\t\t<p class=\"elementor-heading-title elementor-size-default\">Ta\u015flar\u0131m\u0131z do\u011fal ta\u015fa g\u00f6re daha d\u00fczg\u00fcnd\u00fcr ve m\u00fchendislik projelerinde yayg\u0131n olarak kullan\u0131lmaktad\u0131r, d\u00f6kme malzemelerin ta\u015f\u0131nmas\u0131 ve kullan\u0131m yerinin yak\u0131n\u0131na d\u00f6k\u00fclmesi \u00e7ok b\u00fcy\u00fck ta\u015f par\u00e7alar\u0131n\u0131n ta\u015f\u0131nmas\u0131ndan daha ucuz olmas\u0131 avantaj\u0131na sahiptir.<\/p>\t\t<\/div>\n\t\t\t\t<\/div>\n\t\t\t\t<div class=\"elementor-element elementor-element-17d1e2f elementor-widget elementor-widget-heading\" data-id=\"17d1e2f\" data-element_type=\"widget\" data-widget_type=\"heading.default\">\n\t\t\t\t<div class=\"elementor-widget-container\">\n\t\t\t<p class=\"elementor-heading-title elementor-size-default\">Bu ta\u015flar\u0131 dekoratif olarak kullanarak \u00e7ok yenilik\u00e7i olduk, duvarlara, bacalara, s\u00fctunlara yerle\u015ftiriyoruz, bazen boyutlar\u0131n renklerini kar\u0131\u015ft\u0131r\u0131p odam\u0131z\u0131n atmosferine harika bir hava kat\u0131yoruz.<\/p>\t\t<\/div>\n\t\t\t\t<\/div>\n\t\t\t\t<\/div>\n\t\t\t\t\t<\/div>\n\t\t\t\t<\/div>\n\t\t<div class=\"elementor-element elementor-element-af368c4 e-flex e-con-boxed e-con e-parent\" data-id=\"af368c4\" data-element_type=\"container\">\n\t\t\t\t\t<div class=\"e-con-inner\">\n\t\t\t\t<div class=\"elementor-element elementor-element-001bd45 elementor-widget elementor-widget-spacer\" data-id=\"001bd45\" data-element_type=\"widget\" data-widget_type=\"spacer.default\">\n\t\t\t\t<div class=\"elementor-widget-container\">\n\t\t\t\t\t<div class=\"elementor-spacer\">\n\t\t\t<div class=\"elementor-spacer-inner\"><\/div>\n\t\t<\/div>\n\t\t\t\t<\/div>\n\t\t\t\t<\/div>\n\t\t\t\t\t<\/div>\n\t\t\t\t<\/div>\n\t\t<div class=\"elementor-element elementor-element-75b5cc9 e-flex e-con-boxed e-con e-parent\" data-id=\"75b5cc9\" data-element_type=\"container\">\n\t\t\t\t\t<div class=\"e-con-inner\">\n\t\t<div class=\"elementor-element elementor-element-03ad788 e-con-full e-flex e-con e-child\" data-id=\"03ad788\" data-element_type=\"container\">\n\t\t\t\t<div class=\"elementor-element elementor-element-bb5353f elementor-widget elementor-widget-image\" data-id=\"bb5353f\" data-element_type=\"widget\" data-widget_type=\"image.default\">\n\t\t\t\t<div class=\"elementor-widget-container\">\n\t\t\t\t\t\t\t\t\t\t\t\t\t<img decoding=\"async\" width=\"1024\" height=\"512\" src=\"https:\/\/brikstones.com\/wp-content\/uploads\/2023\/10\/about-bricks-stones-turkey-europe-gcc-image25-1024x512.png\" class=\"attachment-large size-large wp-image-4699\" alt=\"\" srcset=\"https:\/\/brikstones.com\/wp-content\/uploads\/2023\/10\/about-bricks-stones-turkey-europe-gcc-image25-1024x512.png 1024w, https:\/\/brikstones.com\/wp-content\/uploads\/2023\/10\/about-bricks-stones-turkey-europe-gcc-image25-768x384.png 768w, https:\/\/brikstones.com\/wp-content\/uploads\/2023\/10\/about-bricks-stones-turkey-europe-gcc-image25-640x320.png 640w, https:\/\/brikstones.com\/wp-content\/uploads\/2023\/10\/about-bricks-stones-turkey-europe-gcc-image25-400x200.png 400w, https:\/\/brikstones.com\/wp-content\/uploads\/2023\/10\/about-bricks-stones-turkey-europe-gcc-image25-367x184.png 367w\" sizes=\"(max-width: 1024px) 100vw, 1024px\" \/>\t\t\t\t\t\t\t\t\t\t\t\t\t<\/div>\n\t\t\t\t<\/div>\n\t\t\t\t<\/div>\n\t\t<div class=\"elementor-element elementor-element-96745bc e-con-full e-flex e-con e-child\" data-id=\"96745bc\" data-element_type=\"container\">\n\t\t\t\t<div class=\"elementor-element elementor-element-345c3f8 elementor-widget elementor-widget-heading\" data-id=\"345c3f8\" data-element_type=\"widget\" data-widget_type=\"heading.default\">\n\t\t\t\t<div class=\"elementor-widget-container\">\n\t\t\t<h2 class=\"elementor-heading-title elementor-size-default\">Ne Yap\u0131yoruz?<\/h2>\t\t<\/div>\n\t\t\t\t<\/div>\n\t\t\t\t<div class=\"elementor-element elementor-element-3b60179 elementor-widget elementor-widget-heading\" data-id=\"3b60179\" data-element_type=\"widget\" data-widget_type=\"heading.default\">\n\t\t\t\t<div class=\"elementor-widget-container\">\n\t\t\t<p class=\"elementor-heading-title elementor-size-default\">Brikstones \u00fcretilen ta\u015f, do\u011fal ta\u015f\u0131n kopyalanmas\u0131yla \u00fcretilir. Bu \u00fcr\u00fcnler a\u011f\u0131rl\u0131kl\u0131 olarak \u00e7imento, pomza ve kumun \u00f6zel kar\u0131\u015f\u0131m\u0131ndan olu\u015fmaktad\u0131r. \u00dcretim s\u00fcrecinde en s\u0131ra d\u0131\u015f\u0131 dokuyu\/\u015fekli ta\u015f\u0131yan do\u011fal ta\u015flar\u0131 se\u00e7ip kal\u0131plar\u0131m\u0131z\u0131 yaparken bu ta\u015flar\u0131 kullan\u0131yoruz, dokusunun en ince ayr\u0131nt\u0131lar\u0131n\u0131 yans\u0131tan benzersiz bir teknikle ger\u00e7ek ta\u015f\u0131n y\u00fczeyini hissedeceksiniz. \u00dcretim teknolojimizde kullan\u0131lan do\u011fa\u00e7lama y\u00f6ntemler sayesinde her bir ta\u015f par\u00e7as\u0131 geometrik \u015fekillendirme ve renk tonlamas\u0131 a\u00e7\u0131s\u0131ndan di\u011ferlerinden farkl\u0131 g\u00f6r\u00fcnmektedir. Bu, Brikstones ile kaplanm\u0131\u015f duvarlar\u0131n benzersiz bir g\u00f6r\u00fcn\u00fcme sahip olmas\u0131n\u0131 sa\u011flar.<\/p>\t\t<\/div>\n\t\t\t\t<\/div>\n\t\t\t\t<\/div>\n\t\t\t\t\t<\/div>\n\t\t\t\t<\/div>\n\t\t\t\t<section class=\"elementor-section elementor-top-section elementor-element elementor-element-02fedf1 elementor-section-content-middle overflow-hidden custom-pos-static custom-margin-skill elementor-section-boxed elementor-section-height-default elementor-section-height-default\" data-id=\"02fedf1\" data-element_type=\"section\" data-settings=\"{&quot;background_background&quot;:&quot;classic&quot;,&quot;shape_divider_top&quot;:&quot;custom&quot;,&quot;shape_divider_top_custom&quot;:{&quot;value&quot;:{&quot;url&quot;:&quot;https:\\\/\\\/www.portotheme.com\\\/wordpress\\\/porto\\\/elementor\\\/business-consulting3\\\/wp-content\\\/uploads\\\/sites\\\/82\\\/2022\\\/05\\\/top.svg&quot;,&quot;id&quot;:3645},&quot;library&quot;:&quot;svg&quot;},&quot;shape_divider_bottom&quot;:&quot;custom&quot;,&quot;shape_divider_bottom_custom&quot;:{&quot;value&quot;:{&quot;url&quot;:&quot;https:\\\/\\\/www.portotheme.com\\\/wordpress\\\/porto\\\/elementor\\\/business-consulting3\\\/wp-content\\\/uploads\\\/sites\\\/82\\\/2021\\\/02\\\/bottom.svg&quot;,&quot;id&quot;:3701},&quot;library&quot;:&quot;svg&quot;}}\">\r\n\t\t\t\t<div class=\"elementor-shape elementor-shape-top\" data-negative=\"false\">\r\n\t\t\t<svg xmlns=\"http:\/\/www.w3.org\/2000\/svg\" xmlns:xlink=\"http:\/\/www.w3.org\/1999\/xlink\" preserveaspectratio=\"none\" viewbox=\"0 0 1920 123\" x=\"0px\" y=\"0px\"><polygon fill=\"#F3F3F3\" points=\"0,90 221,60 563,88 931,35 1408,93 1920,41 1920,-1 0,-1 \">    <\/polygon><polygon fill=\"#FFFFFF\" points=\"0,75 219,44 563,72 930,19 1408,77 1920,25 1920,-1 0,-1 \">    <\/polygon><\/svg>\t\t<\/div>\r\n\t\t\t\t<div class=\"elementor-shape elementor-shape-bottom\" data-negative=\"false\">\r\n\t\t\t<svg xmlns=\"http:\/\/www.w3.org\/2000\/svg\" xmlns:xlink=\"http:\/\/www.w3.org\/1999\/xlink\" preserveaspectratio=\"none\" viewbox=\"0 0 1920 123\" x=\"0px\" y=\"0px\"><polygon fill=\"#F3F3F3\" points=\"0,90 221,60 563,88 931,35 1408,93 1920,41 1920,-1 0,-1 \">    <\/polygon><polygon fill=\"#FFFFFF\" points=\"0,75 219,44 563,72 930,19 1408,77 1920,25 1920,-1 0,-1 \">    <\/polygon><\/svg>\t\t<\/div>\r\n\t\t\r\n\t\t\t\t\t\t\t<div class=\"elementor-container elementor-column-gap-default\">\r\n\t\t\t\t\t\t\t\t<div class=\"elementor-row\">\r\n\t\t\t\t\t\t\t<div class=\"elementor-column elementor-col-100 elementor-top-column elementor-element elementor-element-a4e5f1c\" data-id=\"a4e5f1c\" data-element_type=\"column\">\r\n\t\t\t\t\t<div class=\"elementor-column-wrap\">\r\n\t\t\t\t\t\t\t<div class=\"elementor-widget-wrap\">\r\n\t\t\t\t\t\t\t\t<\/div>\r\n\t\t\t\t\t<\/div>\r\n\t\t\t\t<\/div>\r\n\t\t\t\t\t<\/div>\r\n\t\t\t\t\t<\/div>\r\n\t\t\t\t<\/section>\r\n\t\t\t\t<\/div>","protected":false},"excerpt":{"rendered":"<p>ABOUT BRIKSTONES At brikstones, we are following the traditional method for cutting &#038; structuring artificial stones, but using modern mechanism. With the evolution of time, we are doing imitations of ancient realistic modern stones in our factory. Our stones are more uniform than natural stone and it is widely used in engineering projects, it has [&hellip;]<\/p>","protected":false},"author":1,"featured_media":0,"parent":0,"menu_order":0,"comment_status":"closed","ping_status":"closed","template":"","meta":{"_acf_changed":false,"footnotes":""},"class_list":["post-11","page","type-page","status-publish","hentry"],"acf":[],"_links":{"self":[{"href":"https:\/\/brikstones.com\/tr\/wp-json\/wp\/v2\/pages\/11","targetHints":{"allow":["GET"]}}],"collection":[{"href":"https:\/\/brikstones.com\/tr\/wp-json\/wp\/v2\/pages"}],"about":[{"href":"https:\/\/brikstones.com\/tr\/wp-json\/wp\/v2\/types\/page"}],"author":[{"embeddable":true,"href":"https:\/\/brikstones.com\/tr\/wp-json\/wp\/v2\/users\/1"}],"replies":[{"embeddable":true,"href":"https:\/\/brikstones.com\/tr\/wp-json\/wp\/v2\/comments?post=11"}],"version-history":[{"count":12,"href":"https:\/\/brikstones.com\/tr\/wp-json\/wp\/v2\/pages\/11\/revisions"}],"predecessor-version":[{"id":5609,"href":"https:\/\/brikstones.com\/tr\/wp-json\/wp\/v2\/pages\/11\/revisions\/5609"}],"wp:attachment":[{"href":"https:\/\/brikstones.com\/tr\/wp-json\/wp\/v2\/media?parent=11"}],"curies":[{"name":"wp","href":"https:\/\/api.w.org\/{rel}","templated":true}]}}