{"id":4628,"date":"2023-10-14T08:17:14","date_gmt":"2023-10-14T08:17:14","guid":{"rendered":"https:\/\/brikstones.com\/?page_id=4628"},"modified":"2023-10-16T15:38:58","modified_gmt":"2023-10-16T15:38:58","slug":"our-customization","status":"publish","type":"page","link":"https:\/\/brikstones.com\/tr\/our-customization\/","title":{"rendered":"\u00d6zelle\u015ftirmemiz"},"content":{"rendered":"<div data-elementor-type=\"wp-page\" data-elementor-id=\"4628\" class=\"elementor elementor-4628\">\n\t\t\t\t<div class=\"elementor-element elementor-element-7985fec e-flex e-con-boxed e-con e-parent\" data-id=\"7985fec\" data-element_type=\"container\">\n\t\t\t\t\t<div class=\"e-con-inner\">\n\t\t\t\t<div class=\"elementor-element elementor-element-2240abc elementor-widget elementor-widget-image\" data-id=\"2240abc\" data-element_type=\"widget\" data-widget_type=\"image.default\">\n\t\t\t\t<div class=\"elementor-widget-container\">\n\t\t\t\t\t\t\t\t\t\t\t\t\t<img fetchpriority=\"high\" decoding=\"async\" width=\"1024\" height=\"497\" src=\"https:\/\/brikstones.com\/wp-content\/uploads\/2023\/10\/artificial-stone-building-brick-stone-image8-1024x497.png\" class=\"attachment-large size-large wp-image-4730\" alt=\"\" srcset=\"https:\/\/brikstones.com\/wp-content\/uploads\/2023\/10\/artificial-stone-building-brick-stone-image8-1024x497.png 1024w, https:\/\/brikstones.com\/wp-content\/uploads\/2023\/10\/artificial-stone-building-brick-stone-image8-768x373.png 768w, https:\/\/brikstones.com\/wp-content\/uploads\/2023\/10\/artificial-stone-building-brick-stone-image8-640x311.png 640w, https:\/\/brikstones.com\/wp-content\/uploads\/2023\/10\/artificial-stone-building-brick-stone-image8-400x194.png 400w, https:\/\/brikstones.com\/wp-content\/uploads\/2023\/10\/artificial-stone-building-brick-stone-image8-367x178.png 367w\" sizes=\"(max-width: 1024px) 100vw, 1024px\" \/>\t\t\t\t\t\t\t\t\t\t\t\t\t<\/div>\n\t\t\t\t<\/div>\n\t\t\t\t\t<\/div>\n\t\t\t\t<\/div>\n\t\t<div class=\"elementor-element elementor-element-bccf9ad e-flex e-con-boxed e-con e-parent\" data-id=\"bccf9ad\" data-element_type=\"container\">\n\t\t\t\t\t<div class=\"e-con-inner\">\n\t\t\t\t<div class=\"elementor-element elementor-element-24def55 elementor-widget elementor-widget-spacer\" data-id=\"24def55\" data-element_type=\"widget\" data-widget_type=\"spacer.default\">\n\t\t\t\t<div class=\"elementor-widget-container\">\n\t\t\t\t\t<div class=\"elementor-spacer\">\n\t\t\t<div class=\"elementor-spacer-inner\"><\/div>\n\t\t<\/div>\n\t\t\t\t<\/div>\n\t\t\t\t<\/div>\n\t\t\t\t\t<\/div>\n\t\t\t\t<\/div>\n\t\t<div class=\"elementor-element elementor-element-c454cd8 e-flex e-con-boxed e-con e-parent\" data-id=\"c454cd8\" data-element_type=\"container\">\n\t\t\t\t\t<div class=\"e-con-inner\">\n\t\t\t\t<div class=\"elementor-element elementor-element-ae2d4d2 elementor-widget elementor-widget-text-editor\" data-id=\"ae2d4d2\" data-element_type=\"widget\" data-widget_type=\"text-editor.default\">\n\t\t\t\t<div class=\"elementor-widget-container\">\n\t\t\t\t\t\t\t<p>Fabrikalar\u0131m\u0131zda, i\u00e7 ve d\u0131\u015f mekan uygulamalar\u0131 i\u00e7in hafif, g\u00fc\u00e7l\u00fc ve dayan\u0131kl\u0131 olmas\u0131n\u0131 sa\u011flayan en iyi hammadde kaliteleri kullan\u0131l\u0131yor.<\/p>\t\t\t\t\t\t<\/div>\n\t\t\t\t<\/div>\n\t\t\t\t<div class=\"elementor-element elementor-element-08a358e elementor-widget elementor-widget-text-editor\" data-id=\"08a358e\" data-element_type=\"widget\" data-widget_type=\"text-editor.default\">\n\t\t\t\t<div class=\"elementor-widget-container\">\n\t\t\t\t\t\t\t<p>Renklerimiz Alman men\u015felidir. Ta\u015flar\u0131m\u0131z\u0131n \u00f6m\u00fcr boyu renk\/solmaya kar\u015f\u0131 dayan\u0131kl\u0131 olmas\u0131n\u0131 sa\u011flayan UV \u0131\u015f\u0131nlar\u0131na dayan\u0131kl\u0131d\u0131rlar. Fabrikam\u0131z ta\u015f \u015fekilleri ve rengi a\u00e7\u0131s\u0131ndan her t\u00fcrl\u00fc talebi ki\u015fiselle\u015ftirme olana\u011f\u0131na sahiptir.<\/p>\t\t\t\t\t\t<\/div>\n\t\t\t\t<\/div>\n\t\t\t\t<div class=\"elementor-element elementor-element-a200f4b elementor-widget elementor-widget-text-editor\" data-id=\"a200f4b\" data-element_type=\"widget\" data-widget_type=\"text-editor.default\">\n\t\t\t\t<div class=\"elementor-widget-container\">\n\t\t\t\t\t\t\t<div class=\"mcb-wrap-inner\"><div class=\"column mcb-column mcb-item-n2h2cumgu one column_story_box\"><div class=\"story_box\"><div class=\"desc\"><p>\u0130stanbul ve Ankara'daki tesislerimizde y\u00fcksek vas\u0131fl\u0131 ki\u015filer \u00e7al\u0131\u015f\u0131yor. Ekibimizin her bir \u00fcyesi, i\u015f y\u00fck\u00fcnden adil bir \u015fekilde pay al\u0131yor ve sorumluluklar\u0131n\u0131n ne oldu\u011funu ve i\u015fin y\u00fcr\u00fct\u00fclmesinde nerede yer alaca\u011f\u0131n\u0131 tam olarak anl\u0131yor. Biz profesyonelce ta\u015f \u00fcreten profesyonellerden olu\u015fan bir ekibiz.<\/p><\/div><\/div><\/div><\/div>\t\t\t\t\t\t<\/div>\n\t\t\t\t<\/div>\n\t\t\t\t\t<\/div>\n\t\t\t\t<\/div>\n\t\t<div class=\"elementor-element elementor-element-ae04c8c e-flex e-con-boxed e-con e-parent\" data-id=\"ae04c8c\" data-element_type=\"container\">\n\t\t\t\t\t<div class=\"e-con-inner\">\n\t\t\t\t<div class=\"elementor-element elementor-element-194f0a0 elementor-widget elementor-widget-spacer\" data-id=\"194f0a0\" data-element_type=\"widget\" data-widget_type=\"spacer.default\">\n\t\t\t\t<div class=\"elementor-widget-container\">\n\t\t\t\t\t<div class=\"elementor-spacer\">\n\t\t\t<div class=\"elementor-spacer-inner\"><\/div>\n\t\t<\/div>\n\t\t\t\t<\/div>\n\t\t\t\t<\/div>\n\t\t\t\t\t<\/div>\n\t\t\t\t<\/div>\n\t\t\t\t<\/div>","protected":false},"excerpt":{"rendered":"<p>In our factories, using the best raw material qualities making it light in weight, strong and resistant for indoor &amp; outdoor applications. Our colors are German origin. They are UV resistant which makes our stones life time color\/fade resistant. Our factory has the ability to customize any request in terms of stone shapes and color. [&hellip;]<\/p>","protected":false},"author":1,"featured_media":0,"parent":0,"menu_order":0,"comment_status":"closed","ping_status":"closed","template":"","meta":{"_acf_changed":false,"footnotes":""},"class_list":["post-4628","page","type-page","status-publish","hentry"],"acf":[],"_links":{"self":[{"href":"https:\/\/brikstones.com\/tr\/wp-json\/wp\/v2\/pages\/4628","targetHints":{"allow":["GET"]}}],"collection":[{"href":"https:\/\/brikstones.com\/tr\/wp-json\/wp\/v2\/pages"}],"about":[{"href":"https:\/\/brikstones.com\/tr\/wp-json\/wp\/v2\/types\/page"}],"author":[{"embeddable":true,"href":"https:\/\/brikstones.com\/tr\/wp-json\/wp\/v2\/users\/1"}],"replies":[{"embeddable":true,"href":"https:\/\/brikstones.com\/tr\/wp-json\/wp\/v2\/comments?post=4628"}],"version-history":[{"count":7,"href":"https:\/\/brikstones.com\/tr\/wp-json\/wp\/v2\/pages\/4628\/revisions"}],"predecessor-version":[{"id":4736,"href":"https:\/\/brikstones.com\/tr\/wp-json\/wp\/v2\/pages\/4628\/revisions\/4736"}],"wp:attachment":[{"href":"https:\/\/brikstones.com\/tr\/wp-json\/wp\/v2\/media?parent=4628"}],"curies":[{"name":"wp","href":"https:\/\/api.w.org\/{rel}","templated":true}]}}