{"id":4632,"date":"2023-10-14T08:23:03","date_gmt":"2023-10-14T08:23:03","guid":{"rendered":"https:\/\/brikstones.com\/?page_id=4632"},"modified":"2023-10-31T17:17:16","modified_gmt":"2023-10-31T14:17:16","slug":"brick-series","status":"publish","type":"page","link":"https:\/\/brikstones.com\/tr\/brick-series\/","title":{"rendered":"Tu\u011fla Serisi"},"content":{"rendered":"<div data-elementor-type=\"wp-page\" data-elementor-id=\"4632\" class=\"elementor elementor-4632\">\n\t\t\t\t<div class=\"elementor-element elementor-element-c67aad7 e-flex e-con-boxed e-con e-parent\" data-id=\"c67aad7\" data-element_type=\"container\">\n\t\t\t\t\t<div class=\"e-con-inner\">\n\t\t\t\t<div class=\"elementor-element elementor-element-4868777 elementor-widget elementor-widget-heading\" data-id=\"4868777\" data-element_type=\"widget\" data-widget_type=\"heading.default\">\n\t\t\t\t<div class=\"elementor-widget-container\">\n\t\t\t<h1 class=\"elementor-heading-title elementor-size-default\">TU\u011eLA SER\u0130S\u0130<\/h1>\t\t<\/div>\n\t\t\t\t<\/div>\n\t\t\t\t\t<\/div>\n\t\t\t\t<\/div>\n\t\t<div class=\"elementor-element elementor-element-5b753c4 e-flex e-con-boxed e-con e-parent\" data-id=\"5b753c4\" data-element_type=\"container\">\n\t\t\t\t\t<div class=\"e-con-inner\">\n\t\t\t\t<div class=\"elementor-element elementor-element-c9e2898 elementor-widget elementor-widget-spacer\" data-id=\"c9e2898\" data-element_type=\"widget\" data-widget_type=\"spacer.default\">\n\t\t\t\t<div class=\"elementor-widget-container\">\n\t\t\t\t\t<div class=\"elementor-spacer\">\n\t\t\t<div class=\"elementor-spacer-inner\"><\/div>\n\t\t<\/div>\n\t\t\t\t<\/div>\n\t\t\t\t<\/div>\n\t\t\t\t\t<\/div>\n\t\t\t\t<\/div>\n\t\t<div class=\"elementor-element elementor-element-1e71eb8 e-flex e-con-boxed e-con e-parent\" data-id=\"1e71eb8\" data-element_type=\"container\">\n\t\t\t\t\t<div class=\"e-con-inner\">\n\t\t<div class=\"elementor-element elementor-element-f913851 e-con-full e-flex e-con e-child\" data-id=\"f913851\" data-element_type=\"container\">\n\t\t\t\t<div class=\"elementor-element elementor-element-0522959 elementor-widget elementor-widget-image\" data-id=\"0522959\" data-element_type=\"widget\" data-widget_type=\"image.default\">\n\t\t\t\t<div class=\"elementor-widget-container\">\n\t\t\t\t\t\t\t\t\t\t\t\t\t\t<a href=\"https:\/\/brikstones.com\/tr\/countryside\/\">\n\t\t\t\t\t\t\t<img fetchpriority=\"high\" decoding=\"async\" width=\"1024\" height=\"683\" src=\"https:\/\/brikstones.com\/wp-content\/uploads\/2023\/10\/Brikstones-04-min-1024x683.jpg\" class=\"attachment-large size-large wp-image-5357\" alt=\"\" srcset=\"https:\/\/brikstones.com\/wp-content\/uploads\/2023\/10\/Brikstones-04-min-1024x683.jpg 1024w, https:\/\/brikstones.com\/wp-content\/uploads\/2023\/10\/Brikstones-04-min-768x513.jpg 768w, https:\/\/brikstones.com\/wp-content\/uploads\/2023\/10\/Brikstones-04-min-640x427.jpg 640w, https:\/\/brikstones.com\/wp-content\/uploads\/2023\/10\/Brikstones-04-min-400x267.jpg 400w, https:\/\/brikstones.com\/wp-content\/uploads\/2023\/10\/Brikstones-04-min-367x245.jpg 367w\" sizes=\"(max-width: 1024px) 100vw, 1024px\" \/>\t\t\t\t\t\t\t\t<\/a>\n\t\t\t\t\t\t\t\t\t\t\t\t\t<\/div>\n\t\t\t\t<\/div>\n\t\t\t\t<div class=\"elementor-element elementor-element-0b0cec4 elementor-widget elementor-widget-heading\" data-id=\"0b0cec4\" data-element_type=\"widget\" data-widget_type=\"heading.default\">\n\t\t\t\t<div class=\"elementor-widget-container\">\n\t\t\t<h2 class=\"elementor-heading-title elementor-size-default\"><a href=\"https:\/\/brikstones.com\/tr\/countryside\/\">COUNTRYSIDE<\/a><\/h2>\t\t<\/div>\n\t\t\t\t<\/div>\n\t\t\t\t<\/div>\n\t\t<div class=\"elementor-element elementor-element-ed59da1 e-con-full e-flex e-con e-child\" data-id=\"ed59da1\" data-element_type=\"container\">\n\t\t\t\t<div class=\"elementor-element elementor-element-abcc925 elementor-widget elementor-widget-image\" data-id=\"abcc925\" data-element_type=\"widget\" data-widget_type=\"image.default\">\n\t\t\t\t<div class=\"elementor-widget-container\">\n\t\t\t\t\t\t\t\t\t\t\t\t\t\t<a href=\"https:\/\/brikstones.com\/tr\/barn\/\">\n\t\t\t\t\t\t\t<img decoding=\"async\" width=\"1024\" height=\"682\" src=\"https:\/\/brikstones.com\/wp-content\/uploads\/2023\/10\/Brikstones-12-min-1024x682.jpg\" class=\"attachment-large size-large wp-image-5358\" alt=\"\" srcset=\"https:\/\/brikstones.com\/wp-content\/uploads\/2023\/10\/Brikstones-12-min-1024x682.jpg 1024w, https:\/\/brikstones.com\/wp-content\/uploads\/2023\/10\/Brikstones-12-min-768x512.jpg 768w, https:\/\/brikstones.com\/wp-content\/uploads\/2023\/10\/Brikstones-12-min-640x426.jpg 640w, https:\/\/brikstones.com\/wp-content\/uploads\/2023\/10\/Brikstones-12-min-400x266.jpg 400w, https:\/\/brikstones.com\/wp-content\/uploads\/2023\/10\/Brikstones-12-min-367x245.jpg 367w\" sizes=\"(max-width: 1024px) 100vw, 1024px\" \/>\t\t\t\t\t\t\t\t<\/a>\n\t\t\t\t\t\t\t\t\t\t\t\t\t<\/div>\n\t\t\t\t<\/div>\n\t\t\t\t<div class=\"elementor-element elementor-element-ffa4f68 elementor-widget elementor-widget-heading\" data-id=\"ffa4f68\" data-element_type=\"widget\" data-widget_type=\"heading.default\">\n\t\t\t\t<div class=\"elementor-widget-container\">\n\t\t\t<h2 class=\"elementor-heading-title elementor-size-default\"><a href=\"https:\/\/brikstones.com\/tr\/barn\/\">BARN<\/a><\/h2>\t\t<\/div>\n\t\t\t\t<\/div>\n\t\t\t\t<\/div>\n\t\t<div class=\"elementor-element elementor-element-d7bff18 e-con-full e-flex e-con e-child\" data-id=\"d7bff18\" data-element_type=\"container\">\n\t\t\t\t<div class=\"elementor-element elementor-element-922d22f elementor-widget elementor-widget-image\" data-id=\"922d22f\" data-element_type=\"widget\" data-widget_type=\"image.default\">\n\t\t\t\t<div class=\"elementor-widget-container\">\n\t\t\t\t\t\t\t\t\t\t\t\t\t\t<a href=\"https:\/\/brikstones.com\/tr\/townhouse\/\">\n\t\t\t\t\t\t\t<img decoding=\"async\" width=\"1024\" height=\"683\" src=\"https:\/\/brikstones.com\/wp-content\/uploads\/2023\/10\/Brikstones-10-min-1024x683.jpg\" class=\"attachment-large size-large wp-image-5359\" alt=\"\" srcset=\"https:\/\/brikstones.com\/wp-content\/uploads\/2023\/10\/Brikstones-10-min-1024x683.jpg 1024w, https:\/\/brikstones.com\/wp-content\/uploads\/2023\/10\/Brikstones-10-min-768x513.jpg 768w, https:\/\/brikstones.com\/wp-content\/uploads\/2023\/10\/Brikstones-10-min-640x427.jpg 640w, https:\/\/brikstones.com\/wp-content\/uploads\/2023\/10\/Brikstones-10-min-400x267.jpg 400w, https:\/\/brikstones.com\/wp-content\/uploads\/2023\/10\/Brikstones-10-min-367x245.jpg 367w\" sizes=\"(max-width: 1024px) 100vw, 1024px\" \/>\t\t\t\t\t\t\t\t<\/a>\n\t\t\t\t\t\t\t\t\t\t\t\t\t<\/div>\n\t\t\t\t<\/div>\n\t\t\t\t<div class=\"elementor-element elementor-element-0b4cea7 elementor-widget elementor-widget-heading\" data-id=\"0b4cea7\" data-element_type=\"widget\" data-widget_type=\"heading.default\">\n\t\t\t\t<div class=\"elementor-widget-container\">\n\t\t\t<h2 class=\"elementor-heading-title elementor-size-default\"><a href=\"https:\/\/brikstones.com\/tr\/townhouse\/\">TOWNHOUSE<\/a><\/h2>\t\t<\/div>\n\t\t\t\t<\/div>\n\t\t\t\t<\/div>\n\t\t\t\t\t<\/div>\n\t\t\t\t<\/div>\n\t\t<div class=\"elementor-element elementor-element-2c831e2 e-flex e-con-boxed e-con e-parent\" data-id=\"2c831e2\" data-element_type=\"container\">\n\t\t\t\t\t<div class=\"e-con-inner\">\n\t\t<div class=\"elementor-element elementor-element-fd8bb20 e-con-full e-flex e-con e-child\" data-id=\"fd8bb20\" data-element_type=\"container\">\n\t\t\t\t<div class=\"elementor-element elementor-element-8309684 elementor-widget elementor-widget-image\" data-id=\"8309684\" data-element_type=\"widget\" data-widget_type=\"image.default\">\n\t\t\t\t<div class=\"elementor-widget-container\">\n\t\t\t\t\t\t\t\t\t\t\t\t\t\t<a href=\"https:\/\/brikstones.com\/tr\/line\/\">\n\t\t\t\t\t\t\t<img loading=\"lazy\" decoding=\"async\" width=\"1024\" height=\"683\" src=\"https:\/\/brikstones.com\/wp-content\/uploads\/2023\/10\/Brikstones-06-min-1024x683.jpg\" class=\"attachment-large size-large wp-image-5360\" alt=\"\" srcset=\"https:\/\/brikstones.com\/wp-content\/uploads\/2023\/10\/Brikstones-06-min-1024x683.jpg 1024w, https:\/\/brikstones.com\/wp-content\/uploads\/2023\/10\/Brikstones-06-min-768x513.jpg 768w, https:\/\/brikstones.com\/wp-content\/uploads\/2023\/10\/Brikstones-06-min-640x427.jpg 640w, https:\/\/brikstones.com\/wp-content\/uploads\/2023\/10\/Brikstones-06-min-400x267.jpg 400w, https:\/\/brikstones.com\/wp-content\/uploads\/2023\/10\/Brikstones-06-min-367x245.jpg 367w\" sizes=\"(max-width: 1024px) 100vw, 1024px\" \/>\t\t\t\t\t\t\t\t<\/a>\n\t\t\t\t\t\t\t\t\t\t\t\t\t<\/div>\n\t\t\t\t<\/div>\n\t\t\t\t<div class=\"elementor-element elementor-element-29c72ac elementor-widget elementor-widget-heading\" data-id=\"29c72ac\" data-element_type=\"widget\" data-widget_type=\"heading.default\">\n\t\t\t\t<div class=\"elementor-widget-container\">\n\t\t\t<h2 class=\"elementor-heading-title elementor-size-default\"><a href=\"https:\/\/brikstones.com\/tr\/line\/\">LINE<\/a><\/h2>\t\t<\/div>\n\t\t\t\t<\/div>\n\t\t\t\t<\/div>\n\t\t<div class=\"elementor-element elementor-element-8d581cb e-con-full e-flex e-con e-child\" data-id=\"8d581cb\" data-element_type=\"container\">\n\t\t\t\t<div class=\"elementor-element elementor-element-b19886c elementor-widget elementor-widget-image\" data-id=\"b19886c\" data-element_type=\"widget\" data-widget_type=\"image.default\">\n\t\t\t\t<div class=\"elementor-widget-container\">\n\t\t\t\t\t\t\t\t\t\t\t\t\t\t<a href=\"https:\/\/brikstones.com\/tr\/barn-plus\/\">\n\t\t\t\t\t\t\t<img loading=\"lazy\" decoding=\"async\" width=\"1024\" height=\"683\" src=\"https:\/\/brikstones.com\/wp-content\/uploads\/2023\/10\/Brikstones-03-min-1024x683.jpg\" class=\"attachment-large size-large wp-image-5361\" alt=\"\" srcset=\"https:\/\/brikstones.com\/wp-content\/uploads\/2023\/10\/Brikstones-03-min-1024x683.jpg 1024w, https:\/\/brikstones.com\/wp-content\/uploads\/2023\/10\/Brikstones-03-min-768x512.jpg 768w, https:\/\/brikstones.com\/wp-content\/uploads\/2023\/10\/Brikstones-03-min-640x427.jpg 640w, https:\/\/brikstones.com\/wp-content\/uploads\/2023\/10\/Brikstones-03-min-400x267.jpg 400w, https:\/\/brikstones.com\/wp-content\/uploads\/2023\/10\/Brikstones-03-min-367x245.jpg 367w\" sizes=\"(max-width: 1024px) 100vw, 1024px\" \/>\t\t\t\t\t\t\t\t<\/a>\n\t\t\t\t\t\t\t\t\t\t\t\t\t<\/div>\n\t\t\t\t<\/div>\n\t\t\t\t<div class=\"elementor-element elementor-element-02e4a06 elementor-widget elementor-widget-heading\" data-id=\"02e4a06\" data-element_type=\"widget\" data-widget_type=\"heading.default\">\n\t\t\t\t<div class=\"elementor-widget-container\">\n\t\t\t<h2 class=\"elementor-heading-title elementor-size-default\"><a href=\"https:\/\/brikstones.com\/tr\/barn-plus\/\">BARN PLUS<\/a><\/h2>\t\t<\/div>\n\t\t\t\t<\/div>\n\t\t\t\t<\/div>\n\t\t<div class=\"elementor-element elementor-element-263012a e-con-full e-flex e-con e-child\" data-id=\"263012a\" data-element_type=\"container\">\n\t\t\t\t<div class=\"elementor-element elementor-element-b84b324 elementor-widget elementor-widget-image\" data-id=\"b84b324\" data-element_type=\"widget\" data-widget_type=\"image.default\">\n\t\t\t\t<div class=\"elementor-widget-container\">\n\t\t\t\t\t\t\t\t\t\t\t\t\t\t<a href=\"https:\/\/brikstones.com\/tr\/oxid\/\">\n\t\t\t\t\t\t\t<img loading=\"lazy\" decoding=\"async\" width=\"1024\" height=\"683\" src=\"https:\/\/brikstones.com\/wp-content\/uploads\/2023\/10\/Brikstones-09-min-1024x683.jpg\" class=\"attachment-large size-large wp-image-5362\" alt=\"\" srcset=\"https:\/\/brikstones.com\/wp-content\/uploads\/2023\/10\/Brikstones-09-min-1024x683.jpg 1024w, https:\/\/brikstones.com\/wp-content\/uploads\/2023\/10\/Brikstones-09-min-768x512.jpg 768w, https:\/\/brikstones.com\/wp-content\/uploads\/2023\/10\/Brikstones-09-min-640x427.jpg 640w, https:\/\/brikstones.com\/wp-content\/uploads\/2023\/10\/Brikstones-09-min-400x267.jpg 400w, https:\/\/brikstones.com\/wp-content\/uploads\/2023\/10\/Brikstones-09-min-367x245.jpg 367w\" sizes=\"(max-width: 1024px) 100vw, 1024px\" \/>\t\t\t\t\t\t\t\t<\/a>\n\t\t\t\t\t\t\t\t\t\t\t\t\t<\/div>\n\t\t\t\t<\/div>\n\t\t\t\t<div class=\"elementor-element elementor-element-f849553 elementor-widget elementor-widget-heading\" data-id=\"f849553\" data-element_type=\"widget\" data-widget_type=\"heading.default\">\n\t\t\t\t<div class=\"elementor-widget-container\">\n\t\t\t<h2 class=\"elementor-heading-title elementor-size-default\"><a href=\"https:\/\/brikstones.com\/tr\/oxid\/\">OXID<\/a><\/h2>\t\t<\/div>\n\t\t\t\t<\/div>\n\t\t\t\t<\/div>\n\t\t\t\t\t<\/div>\n\t\t\t\t<\/div>\n\t\t<div class=\"elementor-element elementor-element-e52566b e-flex e-con-boxed e-con e-parent\" data-id=\"e52566b\" data-element_type=\"container\">\n\t\t\t\t\t<div class=\"e-con-inner\">\n\t\t\t\t<div class=\"elementor-element elementor-element-2de3496 elementor-widget elementor-widget-spacer\" data-id=\"2de3496\" data-element_type=\"widget\" data-widget_type=\"spacer.default\">\n\t\t\t\t<div class=\"elementor-widget-container\">\n\t\t\t\t\t<div class=\"elementor-spacer\">\n\t\t\t<div class=\"elementor-spacer-inner\"><\/div>\n\t\t<\/div>\n\t\t\t\t<\/div>\n\t\t\t\t<\/div>\n\t\t\t\t\t<\/div>\n\t\t\t\t<\/div>\n\t\t\t\t<\/div>","protected":false},"excerpt":{"rendered":"<p>BRICK SERIES COUNTRYSIDE BARN TOWNHOUSE LINE BARN PLUS OXID<\/p>","protected":false},"author":1,"featured_media":0,"parent":0,"menu_order":0,"comment_status":"closed","ping_status":"closed","template":"","meta":{"_acf_changed":false,"footnotes":""},"class_list":["post-4632","page","type-page","status-publish","hentry"],"acf":[],"_links":{"self":[{"href":"https:\/\/brikstones.com\/tr\/wp-json\/wp\/v2\/pages\/4632","targetHints":{"allow":["GET"]}}],"collection":[{"href":"https:\/\/brikstones.com\/tr\/wp-json\/wp\/v2\/pages"}],"about":[{"href":"https:\/\/brikstones.com\/tr\/wp-json\/wp\/v2\/types\/page"}],"author":[{"embeddable":true,"href":"https:\/\/brikstones.com\/tr\/wp-json\/wp\/v2\/users\/1"}],"replies":[{"embeddable":true,"href":"https:\/\/brikstones.com\/tr\/wp-json\/wp\/v2\/comments?post=4632"}],"version-history":[{"count":22,"href":"https:\/\/brikstones.com\/tr\/wp-json\/wp\/v2\/pages\/4632\/revisions"}],"predecessor-version":[{"id":5365,"href":"https:\/\/brikstones.com\/tr\/wp-json\/wp\/v2\/pages\/4632\/revisions\/5365"}],"wp:attachment":[{"href":"https:\/\/brikstones.com\/tr\/wp-json\/wp\/v2\/media?parent=4632"}],"curies":[{"name":"wp","href":"https:\/\/api.w.org\/{rel}","templated":true}]}}