{"id":4757,"date":"2023-10-16T16:29:24","date_gmt":"2023-10-16T16:29:24","guid":{"rendered":"https:\/\/brikstones.com\/?page_id=4757"},"modified":"2023-11-01T19:46:04","modified_gmt":"2023-11-01T16:46:04","slug":"servicee","status":"publish","type":"page","link":"https:\/\/brikstones.com\/tr\/servicee\/","title":{"rendered":"Hizmetler"},"content":{"rendered":"<div data-elementor-type=\"wp-page\" data-elementor-id=\"4757\" class=\"elementor elementor-4757\">\n\t\t\t\t<div class=\"elementor-element elementor-element-d3393b0 e-flex e-con-boxed e-con e-parent\" data-id=\"d3393b0\" data-element_type=\"container\">\n\t\t\t\t\t<div class=\"e-con-inner\">\n\t\t<div class=\"elementor-element elementor-element-ad5868c e-con-full e-flex e-con e-child\" data-id=\"ad5868c\" data-element_type=\"container\">\n\t\t\t\t<div class=\"elementor-element elementor-element-0d2b855 elementor-widget elementor-widget-image\" data-id=\"0d2b855\" data-element_type=\"widget\" data-widget_type=\"image.default\">\n\t\t\t\t<div class=\"elementor-widget-container\">\n\t\t\t\t\t\t\t\t\t\t\t\t\t<img fetchpriority=\"high\" decoding=\"async\" width=\"1024\" height=\"780\" src=\"https:\/\/brikstones.com\/wp-content\/uploads\/2023\/10\/services-bricks-stones-turkey-europe-gcc-image35-1024x780.png\" class=\"attachment-large size-large wp-image-4759\" alt=\"\" srcset=\"https:\/\/brikstones.com\/wp-content\/uploads\/2023\/10\/services-bricks-stones-turkey-europe-gcc-image35-1024x780.png 1024w, https:\/\/brikstones.com\/wp-content\/uploads\/2023\/10\/services-bricks-stones-turkey-europe-gcc-image35-768x585.png 768w, https:\/\/brikstones.com\/wp-content\/uploads\/2023\/10\/services-bricks-stones-turkey-europe-gcc-image35-640x487.png 640w, https:\/\/brikstones.com\/wp-content\/uploads\/2023\/10\/services-bricks-stones-turkey-europe-gcc-image35-400x305.png 400w, https:\/\/brikstones.com\/wp-content\/uploads\/2023\/10\/services-bricks-stones-turkey-europe-gcc-image35-367x280.png 367w\" sizes=\"(max-width: 1024px) 100vw, 1024px\" \/>\t\t\t\t\t\t\t\t\t\t\t\t\t<\/div>\n\t\t\t\t<\/div>\n\t\t\t\t<\/div>\n\t\t<div class=\"elementor-element elementor-element-8cf541e e-con-full e-flex e-con e-child\" data-id=\"8cf541e\" data-element_type=\"container\">\n\t\t\t\t<div class=\"elementor-element elementor-element-fa7c6f3 elementor-widget elementor-widget-text-editor\" data-id=\"fa7c6f3\" data-element_type=\"widget\" data-widget_type=\"text-editor.default\">\n\t\t\t\t<div class=\"elementor-widget-container\">\n\t\t\t\t\t\t\t<p>Yurt i\u00e7i pazar kapsam\u0131m\u0131z\u0131n yan\u0131 s\u0131ra \u0130ngiltere, Rusya, Macaristan, Avusturya, \u0130talya, Bel\u00e7ika, BAE ve Katar'a ihra\u00e7 etti\u011fimiz \u00fcretimlerimizin 'ini ihracat\u0131m\u0131z olu\u015fturmaktad\u0131r.<\/p>\t\t\t\t\t\t<\/div>\n\t\t\t\t<\/div>\n\t\t\t\t<div class=\"elementor-element elementor-element-a8447cc elementor-widget elementor-widget-text-editor\" data-id=\"a8447cc\" data-element_type=\"widget\" data-widget_type=\"text-editor.default\">\n\t\t\t\t<div class=\"elementor-widget-container\">\n\t\t\t\t\t\t\t<p>Sipari\u015flerinizi almakla her zaman ilgileniyoruz. Size hizmetimizin, kalite kontrol\u00fcm\u00fcz\u00fcn, do\u011fru belgelerin ve g\u00fcvenli paketlemenin en iyisini sunaca\u011f\u0131m\u0131zdan emin olaca\u011f\u0131z.<\/p>\t\t\t\t\t\t<\/div>\n\t\t\t\t<\/div>\n\t\t\t\t<div class=\"elementor-element elementor-element-e6deaa0 elementor-widget elementor-widget-text-editor\" data-id=\"e6deaa0\" data-element_type=\"widget\" data-widget_type=\"text-editor.default\">\n\t\t\t\t<div class=\"elementor-widget-container\">\n\t\t\t\t\t\t\t<p>Paketin boyutu \u00fcr\u00fcnlere g\u00f6re farkl\u0131l\u0131k g\u00f6sterebilir.<\/p>\t\t\t\t\t\t<\/div>\n\t\t\t\t<\/div>\n\t\t\t\t<div class=\"elementor-element elementor-element-44c7f44 elementor-widget elementor-widget-text-editor\" data-id=\"44c7f44\" data-element_type=\"widget\" data-widget_type=\"text-editor.default\">\n\t\t\t\t<div class=\"elementor-widget-container\">\n\t\t\t\t\t\t\t<p>Briktone'lar\u0131n b\u00fcy\u00fcleyici, benzersiz bir karma\u015f\u0131kl\u0131\u011f\u0131 var. \u015eekil, renk ve dokudaki bu \u00e7e\u015fitlilikle, herhangi bir d\u0131\u015f veya i\u00e7 alan\u0131 neden \u00f6nemli \u00f6l\u00e7\u00fcde g\u00fczelle\u015ftirdi\u011fini anlamak kolayd\u0131r.<\/p>\t\t\t\t\t\t<\/div>\n\t\t\t\t<\/div>\n\t\t\t\t<\/div>\n\t\t\t\t\t<\/div>\n\t\t\t\t<\/div>\n\t\t<div class=\"elementor-element elementor-element-31d7816 e-flex e-con-boxed e-con e-parent\" data-id=\"31d7816\" data-element_type=\"container\">\n\t\t\t\t\t<div class=\"e-con-inner\">\n\t\t\t\t\t<\/div>\n\t\t\t\t<\/div>\n\t\t<div class=\"elementor-element elementor-element-4b1ad7a e-flex e-con-boxed e-con e-parent\" data-id=\"4b1ad7a\" data-element_type=\"container\">\n\t\t\t\t\t<div class=\"e-con-inner\">\n\t\t\t\t<div class=\"elementor-element elementor-element-c06b958 elementor-widget elementor-widget-text-editor\" data-id=\"c06b958\" data-element_type=\"widget\" data-widget_type=\"text-editor.default\">\n\t\t\t\t<div class=\"elementor-widget-container\">\n\t\t\t\t\t\t\t<p>Brikstones ye\u015fil ya\u015fam\u0131 destekliyor. Ta\u015flar\u0131m\u0131z\u0131, sundu\u011fumuz garantili kaliteyi sa\u011flamak i\u00e7in \u00e7evremize zarar vermeyecek, ancak yine de dayan\u0131kl\u0131, toprak dostu niteliklere sahip olarak \u00fcrettik. Brikstones, bir nesnenin renginin solmas\u0131na neden olan UV I\u015f\u0131nlar\u0131ndan kendini koruma \u00f6zelli\u011fine sahiptir. BRIKSTONES'\u0131n her par\u00e7as\u0131nda benzersiz bir tasar\u0131m yapt\u0131\u011f\u0131m\u0131zdan emin oluyoruz. Bu sanat\u0131 ellerimizle yapt\u0131k. Ve her zaman geni\u015f bir renk yelpazesi ve aralar\u0131ndan se\u00e7im yapabilece\u011finiz stil vard\u0131r.<\/p>\t\t\t\t\t\t<\/div>\n\t\t\t\t<\/div>\n\t\t\t\t<div class=\"elementor-element elementor-element-427431b elementor-widget elementor-widget-text-editor\" data-id=\"427431b\" data-element_type=\"widget\" data-widget_type=\"text-editor.default\">\n\t\t\t\t<div class=\"elementor-widget-container\">\n\t\t\t\t\t\t\t<p>BRIKSTONES sadece normal bir tu\u011fla de\u011fil. Bu tu\u011flalar\u0131 ate\u015fe ve s\u0131ca\u011fa dayanacak ve direnecek \u015fekilde \u00fcrettik.<\/p>\t\t\t\t\t\t<\/div>\n\t\t\t\t<\/div>\n\t\t\t\t<div class=\"elementor-element elementor-element-8ccd959 elementor-widget elementor-widget-text-editor\" data-id=\"8ccd959\" data-element_type=\"widget\" data-widget_type=\"text-editor.default\">\n\t\t\t\t<div class=\"elementor-widget-container\">\n\t\t\t\t\t\t\t<p>El yap\u0131m\u0131 ta\u015flar\u0131m\u0131z\u0131n verebilece\u011fimiz en y\u00fcksek garantili kaliteye sahip oldu\u011fundan her zaman eminiz.<\/p>\t\t\t\t\t\t<\/div>\n\t\t\t\t<\/div>\n\t\t\t\t\t<\/div>\n\t\t\t\t<\/div>\n\t\t<div class=\"elementor-element elementor-element-0dd02eb e-flex e-con-boxed e-con e-parent\" data-id=\"0dd02eb\" data-element_type=\"container\">\n\t\t\t\t\t<div class=\"e-con-inner\">\n\t\t\t\t<div class=\"elementor-element elementor-element-c700124 elementor-widget elementor-widget-spacer\" data-id=\"c700124\" data-element_type=\"widget\" data-widget_type=\"spacer.default\">\n\t\t\t\t<div class=\"elementor-widget-container\">\n\t\t\t\t\t<div class=\"elementor-spacer\">\n\t\t\t<div class=\"elementor-spacer-inner\"><\/div>\n\t\t<\/div>\n\t\t\t\t<\/div>\n\t\t\t\t<\/div>\n\t\t\t\t\t<\/div>\n\t\t\t\t<\/div>\n\t\t<div class=\"elementor-element elementor-element-915255b e-flex e-con-boxed e-con e-parent\" data-id=\"915255b\" data-element_type=\"container\">\n\t\t\t\t\t<div class=\"e-con-inner\">\n\t\t<div class=\"elementor-element elementor-element-3151f75 e-con-full e-flex e-con e-child\" data-id=\"3151f75\" data-element_type=\"container\">\n\t\t\t\t<div class=\"elementor-element elementor-element-2104129 elementor-widget elementor-widget-image\" data-id=\"2104129\" data-element_type=\"widget\" data-widget_type=\"image.default\">\n\t\t\t\t<div class=\"elementor-widget-container\">\n\t\t\t\t\t\t\t\t\t\t\t\t\t<img decoding=\"async\" width=\"1024\" height=\"1024\" src=\"https:\/\/brikstones.com\/wp-content\/uploads\/2023\/10\/1-1024x1024.png\" class=\"attachment-large size-large wp-image-4761\" alt=\"\" srcset=\"https:\/\/brikstones.com\/wp-content\/uploads\/2023\/10\/1-1024x1024.png 1024w, https:\/\/brikstones.com\/wp-content\/uploads\/2023\/10\/1-768x768.png 768w, https:\/\/brikstones.com\/wp-content\/uploads\/2023\/10\/1-640x640.png 640w, https:\/\/brikstones.com\/wp-content\/uploads\/2023\/10\/1-400x400.png 400w, https:\/\/brikstones.com\/wp-content\/uploads\/2023\/10\/1-560x560.png 560w, https:\/\/brikstones.com\/wp-content\/uploads\/2023\/10\/1-367x367.png 367w\" sizes=\"(max-width: 1024px) 100vw, 1024px\" \/>\t\t\t\t\t\t\t\t\t\t\t\t\t<\/div>\n\t\t\t\t<\/div>\n\t\t\t\t<div class=\"elementor-element elementor-element-43de4ab elementor-widget elementor-widget-heading\" data-id=\"43de4ab\" data-element_type=\"widget\" data-widget_type=\"heading.default\">\n\t\t\t\t<div class=\"elementor-widget-container\">\n\t\t\t<h2 class=\"elementor-heading-title elementor-size-default\">D\u00fcnya dostu<\/h2>\t\t<\/div>\n\t\t\t\t<\/div>\n\t\t\t\t<div class=\"elementor-element elementor-element-505cda0 elementor-widget elementor-widget-text-editor\" data-id=\"505cda0\" data-element_type=\"widget\" data-widget_type=\"text-editor.default\">\n\t\t\t\t<div class=\"elementor-widget-container\">\n\t\t\t\t\t\t\t<span style=\"text-align:justify;\">El yap\u0131m\u0131 tu\u011flalar\u0131m\u0131z\u0131n yap\u0131m\u0131nda kulland\u0131\u011f\u0131m\u0131z t\u00fcm malzemeler \u00e7evreye zarar vermeyen, \u00e7evre dostu malzemelerden yap\u0131lm\u0131\u015ft\u0131r. Ye\u015fil ya\u015fam uygulamalar\u0131n\u0131 destekliyoruz.<\/span>\t\t\t\t\t\t<\/div>\n\t\t\t\t<\/div>\n\t\t\t\t<\/div>\n\t\t<div class=\"elementor-element elementor-element-737899a e-con-full e-flex e-con e-child\" data-id=\"737899a\" data-element_type=\"container\">\n\t\t\t\t<div class=\"elementor-element elementor-element-f7c4f78 elementor-widget elementor-widget-image\" data-id=\"f7c4f78\" data-element_type=\"widget\" data-widget_type=\"image.default\">\n\t\t\t\t<div class=\"elementor-widget-container\">\n\t\t\t\t\t\t\t\t\t\t\t\t\t<img decoding=\"async\" width=\"1024\" height=\"1024\" src=\"https:\/\/brikstones.com\/wp-content\/uploads\/2023\/10\/2-1024x1024.png\" class=\"attachment-large size-large wp-image-4762\" alt=\"\" srcset=\"https:\/\/brikstones.com\/wp-content\/uploads\/2023\/10\/2-1024x1024.png 1024w, https:\/\/brikstones.com\/wp-content\/uploads\/2023\/10\/2-768x768.png 768w, https:\/\/brikstones.com\/wp-content\/uploads\/2023\/10\/2-640x640.png 640w, https:\/\/brikstones.com\/wp-content\/uploads\/2023\/10\/2-400x400.png 400w, https:\/\/brikstones.com\/wp-content\/uploads\/2023\/10\/2-560x560.png 560w, https:\/\/brikstones.com\/wp-content\/uploads\/2023\/10\/2-367x367.png 367w\" sizes=\"(max-width: 1024px) 100vw, 1024px\" \/>\t\t\t\t\t\t\t\t\t\t\t\t\t<\/div>\n\t\t\t\t<\/div>\n\t\t\t\t<div class=\"elementor-element elementor-element-61ef3b3 elementor-widget elementor-widget-heading\" data-id=\"61ef3b3\" data-element_type=\"widget\" data-widget_type=\"heading.default\">\n\t\t\t\t<div class=\"elementor-widget-container\">\n\t\t\t<h2 class=\"elementor-heading-title elementor-size-default\">Dayan\u0131kl\u0131l\u0131k<\/h2>\t\t<\/div>\n\t\t\t\t<\/div>\n\t\t\t\t<div class=\"elementor-element elementor-element-fc1ca69 elementor-widget elementor-widget-text-editor\" data-id=\"fc1ca69\" data-element_type=\"widget\" data-widget_type=\"text-editor.default\">\n\t\t\t\t<div class=\"elementor-widget-container\">\n\t\t\t\t\t\t\t<p>BRIKSTONES'un tu\u011fla ve ta\u015flar\u0131, benzersiz malzemeleriyle dayan\u0131kl\u0131 hale getirildi. Kurulumdan sonra nesnelerin kuvvetinin yo\u011funlu\u011funu ve g\u00fcc\u00fcn\u00fc uyarlayabilir.<\/p>\t\t\t\t\t\t<\/div>\n\t\t\t\t<\/div>\n\t\t\t\t<\/div>\n\t\t<div class=\"elementor-element elementor-element-39ec88f e-con-full e-flex e-con e-child\" data-id=\"39ec88f\" data-element_type=\"container\">\n\t\t\t\t<div class=\"elementor-element elementor-element-20d5697 elementor-widget elementor-widget-image\" data-id=\"20d5697\" data-element_type=\"widget\" data-widget_type=\"image.default\">\n\t\t\t\t<div class=\"elementor-widget-container\">\n\t\t\t\t\t\t\t\t\t\t\t\t\t<img loading=\"lazy\" decoding=\"async\" width=\"1024\" height=\"1024\" src=\"https:\/\/brikstones.com\/wp-content\/uploads\/2023\/10\/3-1024x1024.png\" class=\"attachment-large size-large wp-image-4763\" alt=\"\" srcset=\"https:\/\/brikstones.com\/wp-content\/uploads\/2023\/10\/3-1024x1024.png 1024w, https:\/\/brikstones.com\/wp-content\/uploads\/2023\/10\/3-768x768.png 768w, https:\/\/brikstones.com\/wp-content\/uploads\/2023\/10\/3-640x640.png 640w, https:\/\/brikstones.com\/wp-content\/uploads\/2023\/10\/3-400x400.png 400w, https:\/\/brikstones.com\/wp-content\/uploads\/2023\/10\/3-560x560.png 560w, https:\/\/brikstones.com\/wp-content\/uploads\/2023\/10\/3-367x367.png 367w\" sizes=\"(max-width: 1024px) 100vw, 1024px\" \/>\t\t\t\t\t\t\t\t\t\t\t\t\t<\/div>\n\t\t\t\t<\/div>\n\t\t\t\t<div class=\"elementor-element elementor-element-79a8bd3 elementor-widget elementor-widget-heading\" data-id=\"79a8bd3\" data-element_type=\"widget\" data-widget_type=\"heading.default\">\n\t\t\t\t<div class=\"elementor-widget-container\">\n\t\t\t<h2 class=\"elementor-heading-title elementor-size-default\">UV'ye Dayan\u0131kl\u0131<\/h2>\t\t<\/div>\n\t\t\t\t<\/div>\n\t\t\t\t<div class=\"elementor-element elementor-element-7411929 elementor-widget elementor-widget-text-editor\" data-id=\"7411929\" data-element_type=\"widget\" data-widget_type=\"text-editor.default\">\n\t\t\t\t<div class=\"elementor-widget-container\">\n\t\t\t\t\t\t\t<p>Malzememiz ultraviyole (UV) \u0131\u015f\u0131\u011fa veya g\u00fcne\u015f \u0131\u015f\u0131\u011f\u0131na direnme ve absorbe etme \u00f6zelli\u011fine sahiptir. BRIKSTONES'\u0131n malzemesi her t\u00fcrl\u00fc renk de\u011fi\u015fikli\u011fi i\u00e7ermez.<\/p>\t\t\t\t\t\t<\/div>\n\t\t\t\t<\/div>\n\t\t\t\t<\/div>\n\t\t<div class=\"elementor-element elementor-element-4b354c0 e-con-full e-flex e-con e-child\" data-id=\"4b354c0\" data-element_type=\"container\">\n\t\t\t\t<div class=\"elementor-element elementor-element-5cf6166 elementor-widget elementor-widget-image\" data-id=\"5cf6166\" data-element_type=\"widget\" data-widget_type=\"image.default\">\n\t\t\t\t<div class=\"elementor-widget-container\">\n\t\t\t\t\t\t\t\t\t\t\t\t\t<img loading=\"lazy\" decoding=\"async\" width=\"1024\" height=\"1024\" src=\"https:\/\/brikstones.com\/wp-content\/uploads\/2023\/10\/4-1024x1024.png\" class=\"attachment-large size-large wp-image-4764\" alt=\"\" srcset=\"https:\/\/brikstones.com\/wp-content\/uploads\/2023\/10\/4-1024x1024.png 1024w, https:\/\/brikstones.com\/wp-content\/uploads\/2023\/10\/4-768x768.png 768w, https:\/\/brikstones.com\/wp-content\/uploads\/2023\/10\/4-640x640.png 640w, https:\/\/brikstones.com\/wp-content\/uploads\/2023\/10\/4-400x400.png 400w, https:\/\/brikstones.com\/wp-content\/uploads\/2023\/10\/4-560x560.png 560w, https:\/\/brikstones.com\/wp-content\/uploads\/2023\/10\/4-367x367.png 367w\" sizes=\"(max-width: 1024px) 100vw, 1024px\" \/>\t\t\t\t\t\t\t\t\t\t\t\t\t<\/div>\n\t\t\t\t<\/div>\n\t\t\t\t<div class=\"elementor-element elementor-element-c2c9345 elementor-widget elementor-widget-heading\" data-id=\"c2c9345\" data-element_type=\"widget\" data-widget_type=\"heading.default\">\n\t\t\t\t<div class=\"elementor-widget-container\">\n\t\t\t<h2 class=\"elementor-heading-title elementor-size-default\">Varyasyonlar<\/h2>\t\t<\/div>\n\t\t\t\t<\/div>\n\t\t\t\t<div class=\"elementor-element elementor-element-bba0ed9 elementor-widget elementor-widget-text-editor\" data-id=\"bba0ed9\" data-element_type=\"widget\" data-widget_type=\"text-editor.default\">\n\t\t\t\t<div class=\"elementor-widget-container\">\n\t\t\t\t\t\t\t<p>BRIKSTONE'LAR herkesin tercihine g\u00f6re farkl\u0131 ve geni\u015f \u00e7e\u015fitlilikte benzersiz renk ve stillerle yap\u0131ld\u0131.<\/p>\t\t\t\t\t\t<\/div>\n\t\t\t\t<\/div>\n\t\t\t\t<\/div>\n\t\t\t\t\t<\/div>\n\t\t\t\t<\/div>\n\t\t<div class=\"elementor-element elementor-element-b30e4f7 e-flex e-con-boxed e-con e-parent\" data-id=\"b30e4f7\" data-element_type=\"container\">\n\t\t\t\t\t<div class=\"e-con-inner\">\n\t\t<div class=\"elementor-element elementor-element-06ad76d e-con-full e-flex e-con e-child\" data-id=\"06ad76d\" data-element_type=\"container\">\n\t\t\t\t<\/div>\n\t\t<div class=\"elementor-element elementor-element-12dfed4 e-con-full e-flex e-con e-child\" data-id=\"12dfed4\" data-element_type=\"container\">\n\t\t\t\t<div class=\"elementor-element elementor-element-f928e4d elementor-widget elementor-widget-image\" data-id=\"f928e4d\" data-element_type=\"widget\" data-widget_type=\"image.default\">\n\t\t\t\t<div class=\"elementor-widget-container\">\n\t\t\t\t\t\t\t\t\t\t\t\t\t<img loading=\"lazy\" decoding=\"async\" width=\"1024\" height=\"1024\" src=\"https:\/\/brikstones.com\/wp-content\/uploads\/2023\/10\/6-1024x1024.png\" class=\"attachment-large size-large wp-image-4767\" alt=\"\" srcset=\"https:\/\/brikstones.com\/wp-content\/uploads\/2023\/10\/6-1024x1024.png 1024w, https:\/\/brikstones.com\/wp-content\/uploads\/2023\/10\/6-768x768.png 768w, https:\/\/brikstones.com\/wp-content\/uploads\/2023\/10\/6-640x640.png 640w, https:\/\/brikstones.com\/wp-content\/uploads\/2023\/10\/6-400x400.png 400w, https:\/\/brikstones.com\/wp-content\/uploads\/2023\/10\/6-560x560.png 560w, https:\/\/brikstones.com\/wp-content\/uploads\/2023\/10\/6-367x367.png 367w\" sizes=\"(max-width: 1024px) 100vw, 1024px\" \/>\t\t\t\t\t\t\t\t\t\t\t\t\t<\/div>\n\t\t\t\t<\/div>\n\t\t\t\t<div class=\"elementor-element elementor-element-d6085c8 elementor-widget elementor-widget-heading\" data-id=\"d6085c8\" data-element_type=\"widget\" data-widget_type=\"heading.default\">\n\t\t\t\t<div class=\"elementor-widget-container\">\n\t\t\t<h2 class=\"elementor-heading-title elementor-size-default\">Yang\u0131na dayan\u0131kl\u0131<\/h2>\t\t<\/div>\n\t\t\t\t<\/div>\n\t\t\t\t<div class=\"elementor-element elementor-element-03648b4 elementor-widget elementor-widget-text-editor\" data-id=\"03648b4\" data-element_type=\"widget\" data-widget_type=\"text-editor.default\">\n\t\t\t\t<div class=\"elementor-widget-container\">\n\t\t\t\t\t\t\t<p>BR\u0130KSTONE'lar yanmaya ve \u0131s\u0131ya dayanacak \u015fekilde tasarlanm\u0131\u015ft\u0131r.<\/p>\t\t\t\t\t\t<\/div>\n\t\t\t\t<\/div>\n\t\t\t\t<\/div>\n\t\t<div class=\"elementor-element elementor-element-8d0aa53 e-con-full e-flex e-con e-child\" data-id=\"8d0aa53\" data-element_type=\"container\">\n\t\t\t\t<div class=\"elementor-element elementor-element-a3f104b elementor-widget elementor-widget-image\" data-id=\"a3f104b\" data-element_type=\"widget\" data-widget_type=\"image.default\">\n\t\t\t\t<div class=\"elementor-widget-container\">\n\t\t\t\t\t\t\t\t\t\t\t\t\t<img loading=\"lazy\" decoding=\"async\" width=\"1024\" height=\"1024\" src=\"https:\/\/brikstones.com\/wp-content\/uploads\/2023\/10\/5-1024x1024.png\" class=\"attachment-large size-large wp-image-4766\" alt=\"\" srcset=\"https:\/\/brikstones.com\/wp-content\/uploads\/2023\/10\/5-1024x1024.png 1024w, https:\/\/brikstones.com\/wp-content\/uploads\/2023\/10\/5-768x768.png 768w, https:\/\/brikstones.com\/wp-content\/uploads\/2023\/10\/5-640x640.png 640w, https:\/\/brikstones.com\/wp-content\/uploads\/2023\/10\/5-400x400.png 400w, https:\/\/brikstones.com\/wp-content\/uploads\/2023\/10\/5-560x560.png 560w, https:\/\/brikstones.com\/wp-content\/uploads\/2023\/10\/5-367x367.png 367w\" sizes=\"(max-width: 1024px) 100vw, 1024px\" \/>\t\t\t\t\t\t\t\t\t\t\t\t\t<\/div>\n\t\t\t\t<\/div>\n\t\t\t\t<div class=\"elementor-element elementor-element-cd46ecc elementor-widget elementor-widget-heading\" data-id=\"cd46ecc\" data-element_type=\"widget\" data-widget_type=\"heading.default\">\n\t\t\t\t<div class=\"elementor-widget-container\">\n\t\t\t<h2 class=\"elementor-heading-title elementor-size-default\">El yap\u0131m\u0131<\/h2>\t\t<\/div>\n\t\t\t\t<\/div>\n\t\t\t\t<div class=\"elementor-element elementor-element-45c6b36 elementor-widget elementor-widget-text-editor\" data-id=\"45c6b36\" data-element_type=\"widget\" data-widget_type=\"text-editor.default\">\n\t\t\t\t<div class=\"elementor-widget-container\">\n\t\t\t\t\t\t\t<p>BR\u0130KSTONE'lar\u0131m\u0131z\u0131n her par\u00e7as\u0131na ruhumuzu katmak istiyoruz. Her tu\u011fla benzersiz ve farkl\u0131 \u015fekilde yap\u0131lm\u0131\u015f ve ellerimizle i\u015flenmi\u015ftir. El i\u015fi BR\u0130KSTONE'lar\u0131m\u0131z\u0131n yap\u0131m\u0131nda hi\u00e7bir makine kullan\u0131lmad\u0131.<\/p>\t\t\t\t\t\t<\/div>\n\t\t\t\t<\/div>\n\t\t\t\t<\/div>\n\t\t<div class=\"elementor-element elementor-element-f9abc4c e-con-full e-flex e-con e-child\" data-id=\"f9abc4c\" data-element_type=\"container\">\n\t\t\t\t<div class=\"elementor-element elementor-element-8cadcfb elementor-widget elementor-widget-image\" data-id=\"8cadcfb\" data-element_type=\"widget\" data-widget_type=\"image.default\">\n\t\t\t\t<div class=\"elementor-widget-container\">\n\t\t\t\t\t\t\t\t\t\t\t\t\t<img loading=\"lazy\" decoding=\"async\" width=\"1024\" height=\"1024\" src=\"https:\/\/brikstones.com\/wp-content\/uploads\/2023\/10\/7-1024x1024.png\" class=\"attachment-large size-large wp-image-4760\" alt=\"\" srcset=\"https:\/\/brikstones.com\/wp-content\/uploads\/2023\/10\/7-1024x1024.png 1024w, https:\/\/brikstones.com\/wp-content\/uploads\/2023\/10\/7-768x768.png 768w, https:\/\/brikstones.com\/wp-content\/uploads\/2023\/10\/7-640x640.png 640w, https:\/\/brikstones.com\/wp-content\/uploads\/2023\/10\/7-400x400.png 400w, https:\/\/brikstones.com\/wp-content\/uploads\/2023\/10\/7-560x560.png 560w, https:\/\/brikstones.com\/wp-content\/uploads\/2023\/10\/7-367x367.png 367w\" sizes=\"(max-width: 1024px) 100vw, 1024px\" \/>\t\t\t\t\t\t\t\t\t\t\t\t\t<\/div>\n\t\t\t\t<\/div>\n\t\t\t\t<div class=\"elementor-element elementor-element-c5c3314 elementor-widget elementor-widget-heading\" data-id=\"c5c3314\" data-element_type=\"widget\" data-widget_type=\"heading.default\">\n\t\t\t\t<div class=\"elementor-widget-container\">\n\t\t\t<h2 class=\"elementor-heading-title elementor-size-default\">Garantili kalite<\/h2>\t\t<\/div>\n\t\t\t\t<\/div>\n\t\t\t\t<div class=\"elementor-element elementor-element-06274ed elementor-widget elementor-widget-text-editor\" data-id=\"06274ed\" data-element_type=\"widget\" data-widget_type=\"text-editor.default\">\n\t\t\t\t<div class=\"elementor-widget-container\">\n\t\t\t\t\t\t\t<p>\u00dcr\u00fcn\u00fcm\u00fcz\u00fcn en y\u00fcksek kalitede olmas\u0131n\u0131 ve garantili bir garanti sunmas\u0131n\u0131 sa\u011fl\u0131yoruz.<\/p>\t\t\t\t\t\t<\/div>\n\t\t\t\t<\/div>\n\t\t\t\t<\/div>\n\t\t<div class=\"elementor-element elementor-element-4065294 e-con-full e-flex e-con e-child\" data-id=\"4065294\" data-element_type=\"container\">\n\t\t\t\t<\/div>\n\t\t\t\t\t<\/div>\n\t\t\t\t<\/div>\n\t\t<div class=\"elementor-element elementor-element-ab9e848 e-flex e-con-boxed e-con e-parent\" data-id=\"ab9e848\" data-element_type=\"container\">\n\t\t\t\t\t<div class=\"e-con-inner\">\n\t\t\t\t<div class=\"elementor-element elementor-element-73e1037 elementor-widget elementor-widget-spacer\" data-id=\"73e1037\" data-element_type=\"widget\" data-widget_type=\"spacer.default\">\n\t\t\t\t<div class=\"elementor-widget-container\">\n\t\t\t\t\t<div class=\"elementor-spacer\">\n\t\t\t<div class=\"elementor-spacer-inner\"><\/div>\n\t\t<\/div>\n\t\t\t\t<\/div>\n\t\t\t\t<\/div>\n\t\t\t\t\t<\/div>\n\t\t\t\t<\/div>\n\t\t\t\t<\/div>","protected":false},"excerpt":{"rendered":"<p>In addition to our local market coverage, our exports consist of 70% of our productions we export to UK, Russia, Hungary, Austria, Italy, Belgium, UAE\u00a0 and, Qatar. We are always interested to get your orders. We will make sure to give you the best of our service, quality control, correct documentations &amp; safe packaging. The [&hellip;]<\/p>","protected":false},"author":1,"featured_media":0,"parent":0,"menu_order":0,"comment_status":"closed","ping_status":"closed","template":"","meta":{"_acf_changed":false,"footnotes":""},"class_list":["post-4757","page","type-page","status-publish","hentry"],"acf":[],"_links":{"self":[{"href":"https:\/\/brikstones.com\/tr\/wp-json\/wp\/v2\/pages\/4757","targetHints":{"allow":["GET"]}}],"collection":[{"href":"https:\/\/brikstones.com\/tr\/wp-json\/wp\/v2\/pages"}],"about":[{"href":"https:\/\/brikstones.com\/tr\/wp-json\/wp\/v2\/types\/page"}],"author":[{"embeddable":true,"href":"https:\/\/brikstones.com\/tr\/wp-json\/wp\/v2\/users\/1"}],"replies":[{"embeddable":true,"href":"https:\/\/brikstones.com\/tr\/wp-json\/wp\/v2\/comments?post=4757"}],"version-history":[{"count":11,"href":"https:\/\/brikstones.com\/tr\/wp-json\/wp\/v2\/pages\/4757\/revisions"}],"predecessor-version":[{"id":5579,"href":"https:\/\/brikstones.com\/tr\/wp-json\/wp\/v2\/pages\/4757\/revisions\/5579"}],"wp:attachment":[{"href":"https:\/\/brikstones.com\/tr\/wp-json\/wp\/v2\/media?parent=4757"}],"curies":[{"name":"wp","href":"https:\/\/api.w.org\/{rel}","templated":true}]}}